{"id":18,"date":"2026-04-17T17:34:10","date_gmt":"2026-04-17T17:34:10","guid":{"rendered":"https:\/\/larsenprod.fr\/?page_id=18"},"modified":"2026-04-17T17:53:06","modified_gmt":"2026-04-17T17:53:06","slug":"elementor-18","status":"publish","type":"page","link":"https:\/\/larsenprod.fr\/index.php\/elementor-18\/","title":{"rendered":"LARSEN STUDIO"},"content":{"rendered":"\t\t<div data-elementor-type=\"wp-page\" data-elementor-id=\"18\" class=\"elementor elementor-18\">\n\t\t\t\t<div class=\"elementor-element elementor-element-undefined-c608a37 e-flex e-con-boxed e-con e-parent\" data-id=\"undefined-c608a37\" data-element_type=\"container\" data-e-type=\"container\">\n\t\t\t\t\t<div class=\"e-con-inner\">\n\t\t<div class=\"elementor-element elementor-element-undefined-6be5f49 e-flex e-con-boxed e-con e-child\" data-id=\"undefined-6be5f49\" data-element_type=\"container\" data-e-type=\"container\">\n\t\t\t\t\t<div class=\"e-con-inner\">\n\t\t\t\t<div class=\"elementor-element elementor-element-undefined-1c4130e elementor-widget-mobile__width-initial elementor-widget elementor-widget-image\" data-id=\"undefined-1c4130e\" data-element_type=\"widget\" data-e-type=\"widget\" data-widget_type=\"image.default\">\n\t\t\t\t\t\t\t\t\t\t\t\t\t\t\t<img decoding=\"async\" width=\"300\" height=\"122\" src=\"https:\/\/larsenprod.fr\/wp-content\/uploads\/2026\/04\/logo-papa-larsen-prod-ltd-sans-point-300x122.jpg\" class=\"attachment-medium size-medium wp-image-24\" alt=\"\" srcset=\"https:\/\/larsenprod.fr\/wp-content\/uploads\/2026\/04\/logo-papa-larsen-prod-ltd-sans-point-300x122.jpg 300w, https:\/\/larsenprod.fr\/wp-content\/uploads\/2026\/04\/logo-papa-larsen-prod-ltd-sans-point-1024x417.jpg 1024w, https:\/\/larsenprod.fr\/wp-content\/uploads\/2026\/04\/logo-papa-larsen-prod-ltd-sans-point-768x313.jpg 768w, https:\/\/larsenprod.fr\/wp-content\/uploads\/2026\/04\/logo-papa-larsen-prod-ltd-sans-point-1536x625.jpg 1536w, https:\/\/larsenprod.fr\/wp-content\/uploads\/2026\/04\/logo-papa-larsen-prod-ltd-sans-point-2048x834.jpg 2048w\" sizes=\"(max-width: 300px) 100vw, 300px\" \/>\t\t\t\t\t\t\t\t\t\t\t\t\t\t\t<\/div>\n\t\t\t\t\t<\/div>\n\t\t\t\t<\/div>\n\t\t<div class=\"elementor-element elementor-element-undefined-eb7a00e e-con-full e-flex e-con e-child\" data-id=\"undefined-eb7a00e\" data-element_type=\"container\" data-e-type=\"container\">\n\t\t\t\t<div class=\"elementor-element elementor-element-undefined-6b60d18 elementor-widget elementor-widget-heading\" data-id=\"undefined-6b60d18\" data-element_type=\"widget\" data-e-type=\"widget\" data-widget_type=\"heading.default\">\n\t\t\t\t\t<h1 class=\"elementor-heading-title elementor-size-default\">\u00c0 propos de nous<\/h1>\t\t\t\t<\/div>\n\t\t\t\t<div class=\"elementor-element elementor-element-undefined-024773a elementor-widget elementor-widget-text-editor\" data-id=\"undefined-024773a\" data-element_type=\"widget\" data-e-type=\"widget\" data-widget_type=\"text-editor.default\">\n\t\t\t\t\t\t\t\t\t<p>Notre entreprise se consacre \u00e0 offrir des solutions innovantes et adapt\u00e9es aux besoins de nos clients. Nous croyons en l\u2019importance d\u2019une approche personnalis\u00e9e, ax\u00e9e sur l\u2019\u00e9coute et l\u2019accompagnement \u00e0 chaque \u00e9tape. Notre \u00e9quipe passionn\u00e9e est pr\u00eate \u00e0 relever tous les d\u00e9fis pour vous garantir la satisfaction.<\/p>\t\t\t\t\t\t\t\t<\/div>\n\t\t\t\t<div class=\"elementor-element elementor-element-undefined-7295dc3 elementor-position-inline-start elementor-view-default elementor-mobile-position-block-start elementor-widget elementor-widget-icon-box\" data-id=\"undefined-7295dc3\" data-element_type=\"widget\" data-e-type=\"widget\" data-widget_type=\"icon-box.default\">\n\t\t\t\t\t\t\t<div class=\"elementor-icon-box-wrapper\">\n\n\t\t\t\t\t\t<div class=\"elementor-icon-box-icon\">\n\t\t\t\t<span  class=\"elementor-icon\">\n\t\t\t\t<svg aria-hidden=\"true\" class=\"e-font-icon-svg e-fas-star\" viewBox=\"0 0 576 512\" xmlns=\"http:\/\/www.w3.org\/2000\/svg\"><path d=\"M259.3 17.8L194 150.2 47.9 171.5c-26.2 3.8-36.7 36.1-17.7 54.6l105.7 103-25 145.5c-4.5 26.3 23.2 46 46.4 33.7L288 439.6l130.7 68.7c23.2 12.2 50.9-7.4 46.4-33.7l-25-145.5 105.7-103c19-18.5 8.5-50.8-17.7-54.6L382 150.2 316.7 17.8c-11.7-23.6-45.6-23.9-57.4 0z\"><\/path><\/svg>\t\t\t\t<\/span>\n\t\t\t<\/div>\n\t\t\t\n\t\t\t\t\t\t<div class=\"elementor-icon-box-content\">\n\n\t\t\t\t\t\t\t\t\t<h3 class=\"elementor-icon-box-title\">\n\t\t\t\t\t\t<span  >\n\t\t\t\t\t\t\tNos valeurs fondamentales\t\t\t\t\t\t<\/span>\n\t\t\t\t\t<\/h3>\n\t\t\t\t\n\t\t\t\t\t\t\t\t\t<p class=\"elementor-icon-box-description\">\n\t\t\t\t\t\tNous valorisons l'int\u00e9grit\u00e9, l'innovation et la collaboration, car ils sont au c\u0153ur de notre mission.\t\t\t\t\t<\/p>\n\t\t\t\t\n\t\t\t<\/div>\n\t\t\t\n\t\t<\/div>\n\t\t\t\t\t\t<\/div>\n\t\t\t\t<div class=\"elementor-element elementor-element-undefined-8c0f43b elementor-position-inline-start elementor-view-default elementor-mobile-position-block-start elementor-widget elementor-widget-icon-box\" data-id=\"undefined-8c0f43b\" data-element_type=\"widget\" data-e-type=\"widget\" data-widget_type=\"icon-box.default\">\n\t\t\t\t\t\t\t<div class=\"elementor-icon-box-wrapper\">\n\n\t\t\t\t\t\t<div class=\"elementor-icon-box-icon\">\n\t\t\t\t<span  class=\"elementor-icon\">\n\t\t\t\t<svg aria-hidden=\"true\" class=\"e-font-icon-svg e-fas-star\" viewBox=\"0 0 576 512\" xmlns=\"http:\/\/www.w3.org\/2000\/svg\"><path d=\"M259.3 17.8L194 150.2 47.9 171.5c-26.2 3.8-36.7 36.1-17.7 54.6l105.7 103-25 145.5c-4.5 26.3 23.2 46 46.4 33.7L288 439.6l130.7 68.7c23.2 12.2 50.9-7.4 46.4-33.7l-25-145.5 105.7-103c19-18.5 8.5-50.8-17.7-54.6L382 150.2 316.7 17.8c-11.7-23.6-45.6-23.9-57.4 0z\"><\/path><\/svg>\t\t\t\t<\/span>\n\t\t\t<\/div>\n\t\t\t\n\t\t\t\t\t\t<div class=\"elementor-icon-box-content\">\n\n\t\t\t\t\t\t\t\t\t<h3 class=\"elementor-icon-box-title\">\n\t\t\t\t\t\t<span  >\n\t\t\t\t\t\t\tNotre expertise\t\t\t\t\t\t<\/span>\n\t\t\t\t\t<\/h3>\n\t\t\t\t\n\t\t\t\t\t\t\t\t\t<p class=\"elementor-icon-box-description\">\n\t\t\t\t\t\tAvec des ann\u00e9es d'exp\u00e9rience, nous sommes sp\u00e9cialis\u00e9s dans la mise en \u0153uvre de projets qui font la diff\u00e9rence.\t\t\t\t\t<\/p>\n\t\t\t\t\n\t\t\t<\/div>\n\t\t\t\n\t\t<\/div>\n\t\t\t\t\t\t<\/div>\n\t\t\t\t<\/div>\n\t\t\t\t\t<\/div>\n\t\t\t\t<\/div>\n\t\t\t\t<\/div>\n\t\t","protected":false},"excerpt":{"rendered":"<p>\u00c0 propos de nous Notre entreprise se consacre \u00e0 offrir des solutions innovantes et adapt\u00e9es aux besoins de nos clients. Nous croyons en l\u2019importance d\u2019une approche personnalis\u00e9e, ax\u00e9e sur l\u2019\u00e9coute et l\u2019accompagnement \u00e0 chaque \u00e9tape. Notre \u00e9quipe passionn\u00e9e est pr\u00eate \u00e0 relever tous les d\u00e9fis pour vous garantir la satisfaction. Nos valeurs fondamentales Nous valorisons [&hellip;]<\/p>\n","protected":false},"author":1,"featured_media":0,"parent":0,"menu_order":0,"comment_status":"closed","ping_status":"closed","template":"","meta":{"footnotes":""},"class_list":["post-18","page","type-page","status-publish","hentry"],"_links":{"self":[{"href":"https:\/\/larsenprod.fr\/index.php\/wp-json\/wp\/v2\/pages\/18","targetHints":{"allow":["GET"]}}],"collection":[{"href":"https:\/\/larsenprod.fr\/index.php\/wp-json\/wp\/v2\/pages"}],"about":[{"href":"https:\/\/larsenprod.fr\/index.php\/wp-json\/wp\/v2\/types\/page"}],"author":[{"embeddable":true,"href":"https:\/\/larsenprod.fr\/index.php\/wp-json\/wp\/v2\/users\/1"}],"replies":[{"embeddable":true,"href":"https:\/\/larsenprod.fr\/index.php\/wp-json\/wp\/v2\/comments?post=18"}],"version-history":[{"count":9,"href":"https:\/\/larsenprod.fr\/index.php\/wp-json\/wp\/v2\/pages\/18\/revisions"}],"predecessor-version":[{"id":29,"href":"https:\/\/larsenprod.fr\/index.php\/wp-json\/wp\/v2\/pages\/18\/revisions\/29"}],"wp:attachment":[{"href":"https:\/\/larsenprod.fr\/index.php\/wp-json\/wp\/v2\/media?parent=18"}],"curies":[{"name":"wp","href":"https:\/\/api.w.org\/{rel}","templated":true}]}}